{"id":38,"date":"2025-01-30T09:24:16","date_gmt":"2025-01-30T09:24:16","guid":{"rendered":"https:\/\/hhcjuk.org\/contacts\/"},"modified":"2025-02-03T10:16:25","modified_gmt":"2025-02-03T10:16:25","slug":"contacts","status":"publish","type":"page","link":"https:\/\/hhcjuk.org\/ro\/contacts\/","title":{"rendered":"Contacte"},"content":{"rendered":"<style>\n        body {<br \/>\n            font-family: Arial, sans-serif;<br \/>\n            line-height: 1.6;<br \/>\n            max-width: 800px;<br \/>\n            margin: 0 auto;<br \/>\n            padding: 20px;<br \/>\n        }<br \/>\n        .contact-container {<br \/>\n            display: grid;<br \/>\n            grid-template-columns: 1fr 1fr;<br \/>\n            gap: 30px;<br \/>\n            margin-top: 30px;<br \/>\n        }<br \/>\n        .contact-form {<br \/>\n            background: #f5f5f5;<br \/>\n            padding: 25px;<br \/>\n            border-radius: 10px;<br \/>\n            box-shadow: 0 2px 4px rgba(0,0,0,0.1);<br \/>\n        }<br \/>\n        .form-group {<br \/>\n            margin-bottom: 20px;<br \/>\n        }<br \/>\n        label {<br \/>\n            display: block;<br \/>\n            margin-bottom: 8px;<br \/>\n            font-weight: 600;<br \/>\n        }<br \/>\n        input, textarea {<br \/>\n            width: 100%;<br \/>\n            padding: 10px;<br \/>\n            border: 1px solid #ddd;<br \/>\n            border-radius: 6px;<br \/>\n        }<br \/>\n        button {<br \/>\n            background: #2c3e50;<br \/>\n            color: white;<br \/>\n            padding: 12px 25px;<br \/>\n            border: none;<br \/>\n            border-radius: 6px;<br \/>\n            cursor: pointer;<br \/>\n            font-weight: bold;<br \/>\n        }<br \/>\n        button:hover {<br \/>\n            background: #34495e;<br \/>\n        }<br \/>\n    <\/style>\n<p>&nbsp;<\/p>\n<div class=\"contact-container\">\n<div class=\"contact-info\">\n<h3>Program de func\u021bionare<\/h3>\n<p>Luni \u2013 Vineri: 9:00 \u2013 19:00<br \/>\nS\u00e2mb\u0103t\u0103: 9:30 \u2013 17:00<br \/>\nDuminic\u0103: \u00cenchis<\/p>\n<h3>Contact<\/h3>\n<p>E-mail: service.client@hhcjuk.org<\/p>\n<p>Suntem aici pentru a r\u0103spunde la toate \u00eentreb\u0103rile dumneavoastr\u0103. Echipa noastr\u0103 se angajeaz\u0103 s\u0103 v\u0103 ofere un r\u0103spuns personalizat \u00een termen de 24 de ore lucr\u0103toare. Nu ezita\u021bi s\u0103 ne \u00eemp\u0103rt\u0103\u0219i\u021bi sugestiile dumneavoastr\u0103 pentru \u00eembun\u0103t\u0103\u021birea serviciilor noastre.<\/p>\n<\/div>\n<div class=\"contact-form\">\n<h2>Formular de contact<\/h2>\n<form action=\"#\" method=\"POST\" data-trp-original-action=\"#\">\n<div class=\"form-group\"><label for=\"nom\">Numele complet *<\/label><br \/>\n<input id=\"nom\" name=\"nom\" required=\"\" type=\"text\" \/><\/div>\n<div class=\"form-group\"><label for=\"email\">Adresa de e-mail *<\/label><br \/>\n<input id=\"email\" name=\"email\" required=\"\" type=\"email\" \/><\/div>\n<div class=\"form-group\"><label for=\"telephone\">Telefon<\/label><br \/>\n<input id=\"telephone\" name=\"telephone\" type=\"tel\" \/><\/div>\n<div class=\"form-group\"><label for=\"sujet\">Subiect *<\/label><br \/>\n<input id=\"sujet\" name=\"sujet\" required=\"\" type=\"text\" \/><\/div>\n<div class=\"form-group\"><label for=\"message\">Mesajul dvs *<\/label><br \/>\n<textarea id=\"message\" name=\"message\" required=\"\" rows=\"6\"><\/textarea><\/div>\n<p><button type=\"submit\">Trimite mesajul t\u0103u<\/button><\/p>\n<input type=\"hidden\" name=\"trp-form-language\" value=\"ro\"\/><\/form>\n<\/div>\n<\/div>\n<p>&nbsp;<\/p>","protected":false},"excerpt":{"rendered":"<p>&nbsp; Program Luni \u2013 Vineri: 9:00 \u2013 19:00 S\u00e2mb\u0103t\u0103: 9:30 \u2013 17:00 Duminic\u0103: \u00cenchis E-mail de contact: service.client@hhcjuk.org Suntem aici\u2026 <\/p>","protected":false},"author":1,"featured_media":0,"parent":0,"menu_order":0,"comment_status":"closed","ping_status":"closed","template":"","meta":{"_acf_changed":false,"footnotes":""},"class_list":["post-38","page","type-page","status-publish","hentry"],"acf":[],"yoast_head":"<!-- This site is optimized with the Yoast SEO plugin v23.2 - https:\/\/yoast.com\/wordpress\/plugins\/seo\/ -->\n<title>Contactez HHCJUK - Service Client \u00e0 Votre \u00c9coute en Ligne<\/title>\n<meta name=\"description\" content=\"Questions ou suggestions? Notre \u00e9quipe HHCJUK \u00e0 Lyon est l\u00e0 pour vous aider. Contactez-nous pour un service client rapide et personnalis\u00e9.\" \/>\n<meta name=\"robots\" content=\"index, follow, max-snippet:-1, max-image-preview:large, max-video-preview:-1\" \/>\n<link rel=\"canonical\" href=\"https:\/\/hhcjuk.org\/ro\/contacts\/\" \/>\n<meta property=\"og:locale\" content=\"ro_RO\" \/>\n<meta property=\"og:type\" content=\"article\" \/>\n<meta property=\"og:title\" content=\"Contactez HHCJUK - Service Client \u00e0 Votre \u00c9coute en Ligne\" \/>\n<meta property=\"og:description\" content=\"Questions ou suggestions? Notre \u00e9quipe HHCJUK \u00e0 Lyon est l\u00e0 pour vous aider. Contactez-nous pour un service client rapide et personnalis\u00e9.\" \/>\n<meta property=\"og:url\" content=\"https:\/\/hhcjuk.org\/ro\/contacts\/\" \/>\n<meta property=\"og:site_name\" content=\"hhcjuk.org\" \/>\n<meta property=\"article:modified_time\" content=\"2025-02-03T10:16:25+00:00\" \/>\n<meta name=\"twitter:card\" content=\"summary_large_image\" \/>\n<meta name=\"twitter:label1\" content=\"Timp estimat pentru citire\" \/>\n\t<meta name=\"twitter:data1\" content=\"1 minut\" \/>\n<script type=\"application\/ld+json\" class=\"yoast-schema-graph\">{\"@context\":\"https:\/\/schema.org\",\"@graph\":[{\"@type\":\"WebPage\",\"@id\":\"https:\/\/hhcjuk.org\/contacts\/\",\"url\":\"https:\/\/hhcjuk.org\/contacts\/\",\"name\":\"Contactez HHCJUK - Service Client \u00e0 Votre \u00c9coute en Ligne\",\"isPartOf\":{\"@id\":\"https:\/\/hhcjuk.org\/#website\"},\"datePublished\":\"2025-01-30T09:24:16+00:00\",\"dateModified\":\"2025-02-03T10:16:25+00:00\",\"description\":\"Questions ou suggestions? Notre \u00e9quipe HHCJUK \u00e0 Lyon est l\u00e0 pour vous aider. Contactez-nous pour un service client rapide et personnalis\u00e9.\",\"breadcrumb\":{\"@id\":\"https:\/\/hhcjuk.org\/contacts\/#breadcrumb\"},\"inLanguage\":\"ro-RO\",\"potentialAction\":[{\"@type\":\"ReadAction\",\"target\":[\"https:\/\/hhcjuk.org\/contacts\/\"]}]},{\"@type\":\"BreadcrumbList\",\"@id\":\"https:\/\/hhcjuk.org\/contacts\/#breadcrumb\",\"itemListElement\":[{\"@type\":\"ListItem\",\"position\":1,\"name\":\"Home\",\"item\":\"https:\/\/hhcjuk.org\/\"},{\"@type\":\"ListItem\",\"position\":2,\"name\":\"Contacts\"}]},{\"@type\":\"WebSite\",\"@id\":\"https:\/\/hhcjuk.org\/#website\",\"url\":\"https:\/\/hhcjuk.org\/\",\"name\":\"hhcjuk.org\",\"description\":\"Tendances, Looks et Inspirations Mode\",\"potentialAction\":[{\"@type\":\"SearchAction\",\"target\":{\"@type\":\"EntryPoint\",\"urlTemplate\":\"https:\/\/hhcjuk.org\/?s={search_term_string}\"},\"query-input\":\"required name=search_term_string\"}],\"inLanguage\":\"ro-RO\"}]}<\/script>\n<!-- \/ Yoast SEO plugin. -->","yoast_head_json":{"title":"Contactez HHCJUK - Service Client \u00e0 Votre \u00c9coute en Ligne","description":"Questions ou suggestions? Notre \u00e9quipe HHCJUK \u00e0 Lyon est l\u00e0 pour vous aider. Contactez-nous pour un service client rapide et personnalis\u00e9.","robots":{"index":"index","follow":"follow","max-snippet":"max-snippet:-1","max-image-preview":"max-image-preview:large","max-video-preview":"max-video-preview:-1"},"canonical":"https:\/\/hhcjuk.org\/ro\/contacts\/","og_locale":"ro_RO","og_type":"article","og_title":"Contactez HHCJUK - Service Client \u00e0 Votre \u00c9coute en Ligne","og_description":"Questions ou suggestions? Notre \u00e9quipe HHCJUK \u00e0 Lyon est l\u00e0 pour vous aider. Contactez-nous pour un service client rapide et personnalis\u00e9.","og_url":"https:\/\/hhcjuk.org\/ro\/contacts\/","og_site_name":"hhcjuk.org","article_modified_time":"2025-02-03T10:16:25+00:00","twitter_card":"summary_large_image","twitter_misc":{"Timp estimat pentru citire":"1 minut"},"schema":{"@context":"https:\/\/schema.org","@graph":[{"@type":"WebPage","@id":"https:\/\/hhcjuk.org\/contacts\/","url":"https:\/\/hhcjuk.org\/contacts\/","name":"Contactez HHCJUK - Service Client \u00e0 Votre \u00c9coute en Ligne","isPartOf":{"@id":"https:\/\/hhcjuk.org\/#website"},"datePublished":"2025-01-30T09:24:16+00:00","dateModified":"2025-02-03T10:16:25+00:00","description":"Questions ou suggestions? Notre \u00e9quipe HHCJUK \u00e0 Lyon est l\u00e0 pour vous aider. Contactez-nous pour un service client rapide et personnalis\u00e9.","breadcrumb":{"@id":"https:\/\/hhcjuk.org\/contacts\/#breadcrumb"},"inLanguage":"ro-RO","potentialAction":[{"@type":"ReadAction","target":["https:\/\/hhcjuk.org\/contacts\/"]}]},{"@type":"BreadcrumbList","@id":"https:\/\/hhcjuk.org\/contacts\/#breadcrumb","itemListElement":[{"@type":"ListItem","position":1,"name":"Home","item":"https:\/\/hhcjuk.org\/"},{"@type":"ListItem","position":2,"name":"Contacts"}]},{"@type":"WebSite","@id":"https:\/\/hhcjuk.org\/#website","url":"https:\/\/hhcjuk.org\/","name":"hhcjuk.org","description":"Tendances, Looks et Inspirations Mode","potentialAction":[{"@type":"SearchAction","target":{"@type":"EntryPoint","urlTemplate":"https:\/\/hhcjuk.org\/?s={search_term_string}"},"query-input":"required name=search_term_string"}],"inLanguage":"ro-RO"}]}},"yoast_meta":{"yoast_wpseo_title":"","yoast_wpseo_metadesc":"","yoast_wpseo_canonical":"https:\/\/hhcjuk.org\/ro\/wp-json\/wp\/v2\/pages\/38"},"_links":{"self":[{"href":"https:\/\/hhcjuk.org\/ro\/wp-json\/wp\/v2\/pages\/38","targetHints":{"allow":["GET"]}}],"collection":[{"href":"https:\/\/hhcjuk.org\/ro\/wp-json\/wp\/v2\/pages"}],"about":[{"href":"https:\/\/hhcjuk.org\/ro\/wp-json\/wp\/v2\/types\/page"}],"author":[{"embeddable":true,"href":"https:\/\/hhcjuk.org\/ro\/wp-json\/wp\/v2\/users\/1"}],"replies":[{"embeddable":true,"href":"https:\/\/hhcjuk.org\/ro\/wp-json\/wp\/v2\/comments?post=38"}],"version-history":[{"count":1,"href":"https:\/\/hhcjuk.org\/ro\/wp-json\/wp\/v2\/pages\/38\/revisions"}],"predecessor-version":[{"id":47,"href":"https:\/\/hhcjuk.org\/ro\/wp-json\/wp\/v2\/pages\/38\/revisions\/47"}],"wp:attachment":[{"href":"https:\/\/hhcjuk.org\/ro\/wp-json\/wp\/v2\/media?parent=38"}],"curies":[{"name":"wp","href":"https:\/\/api.w.org\/{rel}","templated":true}]}}