{"id":37,"date":"2025-01-30T09:24:15","date_gmt":"2025-01-30T09:24:15","guid":{"rendered":"https:\/\/hhcjuk.org\/a-propos-de-nous\/"},"modified":"2025-02-03T10:16:00","modified_gmt":"2025-02-03T10:16:00","slug":"a-propos-de-nous","status":"publish","type":"page","link":"https:\/\/hhcjuk.org\/ro\/a-propos-de-nous\/","title":{"rendered":"Despre noi"},"content":{"rendered":"<p>Bine a\u021bi venit pe HHCJUK.org, sursa dvs. de referin\u021b\u0103 pentru tot ce \u021bine de mod\u0103 \u0219i \u00eembr\u0103c\u0103minte. Aici, explor\u0103m cele mai recente tendin\u021be, \u00eemp\u0103rt\u0103\u0219im sfaturi practice \u0219i celebr\u0103m arta autoexprim\u0103rii prin stil.<\/p>\n<p><img loading=\"lazy\" decoding=\"async\" class=\"aligncenter wp-image-45 size-full\" src=\"https:\/\/hhcjuk.org\/wp-content\/uploads\/2025\/02\/photo-new-1.jpg\" alt=\"\" width=\"612\" height=\"408\" srcset=\"https:\/\/hhcjuk.org\/wp-content\/uploads\/2025\/02\/photo-new-1.jpg 612w, https:\/\/hhcjuk.org\/wp-content\/uploads\/2025\/02\/photo-new-1-300x200.jpg 300w\" sizes=\"auto, (max-width: 612px) 100vw, 612px\" \/><\/p>\n<p>Blogul nostru este conceput pentru pasiona\u021bii de mod\u0103, fie ei \u00eencep\u0103tori sau exper\u021bi. Credem c\u0103 moda este mai mult dec\u00e2t o simpl\u0103 alegere vestimentar\u0103: este un limbaj universal care permite fiec\u0103ruia s\u0103-\u0219i spun\u0103 propria poveste.<\/p>\n<p>Ce ve\u021bi g\u0103si aici:<\/p>\n<ul>\n<li>Articole despre tendin\u021bele actuale ale modei.<\/li>\n<li>Ghiduri practice pentru alegerea \u0219i \u00eengrijirea hainelor.<\/li>\n<li>Idei \u0219i inspira\u021bie pentru a-\u021bi afirma stilul unic.<\/li>\n<\/ul>\n<p>Misiunea noastr\u0103 este simpl\u0103: s\u0103 te inspir\u0103m \u0219i s\u0103 te sprijinim \u00een c\u0103l\u0103toria ta stilistic\u0103. \u00ce\u021bi mul\u021bumim c\u0103 faci parte din comunitatea noastr\u0103. \u00cempreun\u0103, hai s\u0103 facem din mod\u0103 o experien\u021b\u0103 interesant\u0103 \u0219i accesibil\u0103 pentru to\u021bi.<\/p>","protected":false},"excerpt":{"rendered":"<p>Bine a\u021bi venit pe HHCJUK.org, sursa dvs. de referin\u021b\u0103 pentru tot ce \u021bine de mod\u0103 \u0219i \u00eembr\u0103c\u0103minte. Aici, explor\u0103m cele mai recente tendin\u021be, \u00eemp\u0103rt\u0103\u0219im... <\/p>","protected":false},"author":1,"featured_media":0,"parent":0,"menu_order":0,"comment_status":"closed","ping_status":"closed","template":"","meta":{"_acf_changed":false,"footnotes":""},"class_list":["post-37","page","type-page","status-publish","hentry"],"acf":[],"yoast_head":"<!-- This site is optimized with the Yoast SEO plugin v23.2 - https:\/\/yoast.com\/wordpress\/plugins\/seo\/ -->\n<title>\u00c0 Propos de Nous - Le Monde de la Mode et des V\u00eatements<\/title>\n<meta name=\"description\" content=\"D\u00e9couvrez le blog ultime d\u00e9di\u00e9 \u00e0 la mode et aux v\u00eatements. Inspirez-vous, d\u00e9couvrez des tendances et des conseils exclusifs.\" \/>\n<meta name=\"robots\" content=\"index, follow, max-snippet:-1, max-image-preview:large, max-video-preview:-1\" \/>\n<link rel=\"canonical\" href=\"https:\/\/hhcjuk.org\/ro\/a-propos-de-nous\/\" \/>\n<meta property=\"og:locale\" content=\"ro_RO\" \/>\n<meta property=\"og:type\" content=\"article\" \/>\n<meta property=\"og:title\" content=\"\u00c0 Propos de Nous - Le Monde de la Mode et des V\u00eatements\" \/>\n<meta property=\"og:description\" content=\"D\u00e9couvrez le blog ultime d\u00e9di\u00e9 \u00e0 la mode et aux v\u00eatements. Inspirez-vous, d\u00e9couvrez des tendances et des conseils exclusifs.\" \/>\n<meta property=\"og:url\" content=\"https:\/\/hhcjuk.org\/ro\/a-propos-de-nous\/\" \/>\n<meta property=\"og:site_name\" content=\"hhcjuk.org\" \/>\n<meta property=\"article:modified_time\" content=\"2025-02-03T10:16:00+00:00\" \/>\n<meta property=\"og:image\" content=\"https:\/\/hhcjuk.org\/wp-content\/uploads\/2025\/02\/photo-new-1.jpg\" \/>\n<meta name=\"twitter:card\" content=\"summary_large_image\" \/>\n<meta name=\"twitter:label1\" content=\"Timp estimat pentru citire\" \/>\n\t<meta name=\"twitter:data1\" content=\"1 minut\" \/>\n<script type=\"application\/ld+json\" class=\"yoast-schema-graph\">{\"@context\":\"https:\/\/schema.org\",\"@graph\":[{\"@type\":\"WebPage\",\"@id\":\"https:\/\/hhcjuk.org\/a-propos-de-nous\/\",\"url\":\"https:\/\/hhcjuk.org\/a-propos-de-nous\/\",\"name\":\"\u00c0 Propos de Nous - Le Monde de la Mode et des V\u00eatements\",\"isPartOf\":{\"@id\":\"https:\/\/hhcjuk.org\/#website\"},\"primaryImageOfPage\":{\"@id\":\"https:\/\/hhcjuk.org\/a-propos-de-nous\/#primaryimage\"},\"image\":{\"@id\":\"https:\/\/hhcjuk.org\/a-propos-de-nous\/#primaryimage\"},\"thumbnailUrl\":\"https:\/\/hhcjuk.org\/wp-content\/uploads\/2025\/02\/photo-new-1.jpg\",\"datePublished\":\"2025-01-30T09:24:15+00:00\",\"dateModified\":\"2025-02-03T10:16:00+00:00\",\"description\":\"D\u00e9couvrez le blog ultime d\u00e9di\u00e9 \u00e0 la mode et aux v\u00eatements. Inspirez-vous, d\u00e9couvrez des tendances et des conseils exclusifs.\",\"breadcrumb\":{\"@id\":\"https:\/\/hhcjuk.org\/a-propos-de-nous\/#breadcrumb\"},\"inLanguage\":\"ro-RO\",\"potentialAction\":[{\"@type\":\"ReadAction\",\"target\":[\"https:\/\/hhcjuk.org\/a-propos-de-nous\/\"]}]},{\"@type\":\"ImageObject\",\"inLanguage\":\"ro-RO\",\"@id\":\"https:\/\/hhcjuk.org\/a-propos-de-nous\/#primaryimage\",\"url\":\"https:\/\/hhcjuk.org\/wp-content\/uploads\/2025\/02\/photo-new-1.jpg\",\"contentUrl\":\"https:\/\/hhcjuk.org\/wp-content\/uploads\/2025\/02\/photo-new-1.jpg\"},{\"@type\":\"BreadcrumbList\",\"@id\":\"https:\/\/hhcjuk.org\/a-propos-de-nous\/#breadcrumb\",\"itemListElement\":[{\"@type\":\"ListItem\",\"position\":1,\"name\":\"Home\",\"item\":\"https:\/\/hhcjuk.org\/\"},{\"@type\":\"ListItem\",\"position\":2,\"name\":\"\u00c0 propos de nous\"}]},{\"@type\":\"WebSite\",\"@id\":\"https:\/\/hhcjuk.org\/#website\",\"url\":\"https:\/\/hhcjuk.org\/\",\"name\":\"hhcjuk.org\",\"description\":\"Tendances, Looks et Inspirations Mode\",\"potentialAction\":[{\"@type\":\"SearchAction\",\"target\":{\"@type\":\"EntryPoint\",\"urlTemplate\":\"https:\/\/hhcjuk.org\/?s={search_term_string}\"},\"query-input\":\"required name=search_term_string\"}],\"inLanguage\":\"ro-RO\"}]}<\/script>\n<!-- \/ Yoast SEO plugin. -->","yoast_head_json":{"title":"\u00c0 Propos de Nous - Le Monde de la Mode et des V\u00eatements","description":"D\u00e9couvrez le blog ultime d\u00e9di\u00e9 \u00e0 la mode et aux v\u00eatements. Inspirez-vous, d\u00e9couvrez des tendances et des conseils exclusifs.","robots":{"index":"index","follow":"follow","max-snippet":"max-snippet:-1","max-image-preview":"max-image-preview:large","max-video-preview":"max-video-preview:-1"},"canonical":"https:\/\/hhcjuk.org\/ro\/a-propos-de-nous\/","og_locale":"ro_RO","og_type":"article","og_title":"\u00c0 Propos de Nous - Le Monde de la Mode et des V\u00eatements","og_description":"D\u00e9couvrez le blog ultime d\u00e9di\u00e9 \u00e0 la mode et aux v\u00eatements. Inspirez-vous, d\u00e9couvrez des tendances et des conseils exclusifs.","og_url":"https:\/\/hhcjuk.org\/ro\/a-propos-de-nous\/","og_site_name":"hhcjuk.org","article_modified_time":"2025-02-03T10:16:00+00:00","og_image":[{"url":"https:\/\/hhcjuk.org\/wp-content\/uploads\/2025\/02\/photo-new-1.jpg"}],"twitter_card":"summary_large_image","twitter_misc":{"Timp estimat pentru citire":"1 minut"},"schema":{"@context":"https:\/\/schema.org","@graph":[{"@type":"WebPage","@id":"https:\/\/hhcjuk.org\/a-propos-de-nous\/","url":"https:\/\/hhcjuk.org\/a-propos-de-nous\/","name":"\u00c0 Propos de Nous - Le Monde de la Mode et des V\u00eatements","isPartOf":{"@id":"https:\/\/hhcjuk.org\/#website"},"primaryImageOfPage":{"@id":"https:\/\/hhcjuk.org\/a-propos-de-nous\/#primaryimage"},"image":{"@id":"https:\/\/hhcjuk.org\/a-propos-de-nous\/#primaryimage"},"thumbnailUrl":"https:\/\/hhcjuk.org\/wp-content\/uploads\/2025\/02\/photo-new-1.jpg","datePublished":"2025-01-30T09:24:15+00:00","dateModified":"2025-02-03T10:16:00+00:00","description":"D\u00e9couvrez le blog ultime d\u00e9di\u00e9 \u00e0 la mode et aux v\u00eatements. Inspirez-vous, d\u00e9couvrez des tendances et des conseils exclusifs.","breadcrumb":{"@id":"https:\/\/hhcjuk.org\/a-propos-de-nous\/#breadcrumb"},"inLanguage":"ro-RO","potentialAction":[{"@type":"ReadAction","target":["https:\/\/hhcjuk.org\/a-propos-de-nous\/"]}]},{"@type":"ImageObject","inLanguage":"ro-RO","@id":"https:\/\/hhcjuk.org\/a-propos-de-nous\/#primaryimage","url":"https:\/\/hhcjuk.org\/wp-content\/uploads\/2025\/02\/photo-new-1.jpg","contentUrl":"https:\/\/hhcjuk.org\/wp-content\/uploads\/2025\/02\/photo-new-1.jpg"},{"@type":"BreadcrumbList","@id":"https:\/\/hhcjuk.org\/a-propos-de-nous\/#breadcrumb","itemListElement":[{"@type":"ListItem","position":1,"name":"Home","item":"https:\/\/hhcjuk.org\/"},{"@type":"ListItem","position":2,"name":"\u00c0 propos de nous"}]},{"@type":"WebSite","@id":"https:\/\/hhcjuk.org\/#website","url":"https:\/\/hhcjuk.org\/","name":"hhcjuk.org","description":"Tendances, Looks et Inspirations Mode","potentialAction":[{"@type":"SearchAction","target":{"@type":"EntryPoint","urlTemplate":"https:\/\/hhcjuk.org\/?s={search_term_string}"},"query-input":"required name=search_term_string"}],"inLanguage":"ro-RO"}]}},"yoast_meta":{"yoast_wpseo_title":"","yoast_wpseo_metadesc":"","yoast_wpseo_canonical":"https:\/\/hhcjuk.org\/ro\/wp-json\/wp\/v2\/pages\/37"},"_links":{"self":[{"href":"https:\/\/hhcjuk.org\/ro\/wp-json\/wp\/v2\/pages\/37","targetHints":{"allow":["GET"]}}],"collection":[{"href":"https:\/\/hhcjuk.org\/ro\/wp-json\/wp\/v2\/pages"}],"about":[{"href":"https:\/\/hhcjuk.org\/ro\/wp-json\/wp\/v2\/types\/page"}],"author":[{"embeddable":true,"href":"https:\/\/hhcjuk.org\/ro\/wp-json\/wp\/v2\/users\/1"}],"replies":[{"embeddable":true,"href":"https:\/\/hhcjuk.org\/ro\/wp-json\/wp\/v2\/comments?post=37"}],"version-history":[{"count":1,"href":"https:\/\/hhcjuk.org\/ro\/wp-json\/wp\/v2\/pages\/37\/revisions"}],"predecessor-version":[{"id":46,"href":"https:\/\/hhcjuk.org\/ro\/wp-json\/wp\/v2\/pages\/37\/revisions\/46"}],"wp:attachment":[{"href":"https:\/\/hhcjuk.org\/ro\/wp-json\/wp\/v2\/media?parent=37"}],"curies":[{"name":"wp","href":"https:\/\/api.w.org\/{rel}","templated":true}]}}