{"id":3,"date":"2021-12-21T10:05:49","date_gmt":"2021-12-21T10:05:49","guid":{"rendered":"https:\/\/hhcjuk.org\/\/?page_id=3"},"modified":"2025-02-03T10:13:57","modified_gmt":"2025-02-03T10:13:57","slug":"privacy-policy","status":"publish","type":"page","link":"https:\/\/hhcjuk.org\/ro\/privacy-policy\/","title":{"rendered":"Confiden\u021bialitate"},"content":{"rendered":"<br \/>\n<h2>1. Introducere<\/h2>\n<p>Bun venit pe site <strong>hhcjuk.org<\/strong>Aceast\u0103 Politic\u0103 de confiden\u021bialitate explic\u0103 modul \u00een care colect\u0103m, utiliz\u0103m \u0219i protej\u0103m informa\u021biile dumneavoastr\u0103 personale.<\/p>\n<h2>2. Colectarea informa\u021biilor<\/h2>\n<p>Colect\u0103m diferite tipuri de date:<\/p>\n<ul>\n<li><strong>Date personale<\/strong> Nume, adres\u0103 de e-mail, num\u0103r de telefon etc.<\/li>\n<li><strong>Date tehnice<\/strong> : adresa IP, tipul browserului, sistemul de operare etc.<\/li>\n<li><strong>Date de utilizare<\/strong> Pagini vizitate, timp petrecut pe site, interac\u021biuni etc.<\/li>\n<\/ul>\n<h2>3. Utilizarea datelor<\/h2>\n<p>Datele colectate sunt utilizate pentru:<\/p>\n<ul>\n<li>\u00cembun\u0103t\u0103\u021bim experien\u021ba utilizatorului \u0219i optimiz\u0103m site-ul nostru.<\/li>\n<li>Oferi\u021bi asisten\u021b\u0103 \u0219i r\u0103spunde\u021bi solicit\u0103rilor utilizatorilor.<\/li>\n<li>Asigura\u021bi securitatea site-ului \u0219i preveni\u021bi frauda.<\/li>\n<li>Trimite\u021bi comunic\u0103ri dac\u0103 v-a\u021bi dat consim\u021b\u0103m\u00e2ntul.<\/li>\n<\/ul>\n<h2>4. Fi\u0219iere cookie<\/h2>\n<p>Site-ul nostru folose\u0219te cookie-uri pentru:<\/p>\n<ul>\n<li>Faciliteaz\u0103 navigarea \u0219i \u00eembun\u0103t\u0103\u021be\u0219te experien\u021ba utilizatorului.<\/li>\n<li>Analiza\u021bi traficul \u0219i m\u0103sura\u021bi performan\u021ba site-ului.<\/li>\n<\/ul>\n<p>Pute\u021bi gestiona preferin\u021bele privind cookie-urile prin set\u0103rile browserului dumneavoastr\u0103.<\/p>\n<h2>5. Partajarea informa\u021biilor cu ter\u021be p\u0103r\u021bi<\/h2>\n<p>Nu vindem \u0219i nu \u00eenchiriem datele dumneavoastr\u0103 cu caracter personal. Cu toate acestea, acestea pot fi partajate cu:<\/p>\n<ul>\n<li>Furnizorii no\u0219tri de servicii (g\u0103zduire, analiz\u0103 de date etc.).<\/li>\n<li>Autorit\u0103\u021bile legale, dac\u0103 este necesar prin lege.<\/li>\n<\/ul>\n<h2>6. Securitatea datelor<\/h2>\n<p>Implement\u0103m m\u0103suri de securitate pentru a v\u0103 proteja informa\u021biile. Cu toate acestea, nicio transmisie de date pe internet nu este complet sigur\u0103.<\/p>\n<h2>7. Drepturile utilizatorilor<\/h2>\n<p>Ave\u021bi urm\u0103toarele drepturi:<\/p>\n<ul>\n<li><strong>Acces<\/strong> Solicita\u021bi o copie a datelor dumneavoastr\u0103.<\/li>\n<li><strong>Corec\u0163ie<\/strong> Corecta\u021bi informa\u021biile inexacte.<\/li>\n<li><strong>\u0218tergere<\/strong> Solicita\u021bi \u0219tergerea datelor dumneavoastr\u0103.<\/li>\n<li><strong>Revocarea consim\u021b\u0103m\u00e2ntului<\/strong> Retrage\u021bi-v\u0103 consim\u021b\u0103m\u00e2ntul pentru prelucrarea datelor dumneavoastr\u0103.<\/li>\n<\/ul>\n<h2>8. Modific\u0103ri ale Politicii<\/h2>\n<p>Putem modifica aceast\u0103 politic\u0103 \u00een orice moment. Cea mai recent\u0103 versiune va fi \u00eentotdeauna disponibil\u0103 pe aceast\u0103 pagin\u0103. Dac\u0103 vom face o modificare semnificativ\u0103, v\u0103 vom notifica prin e-mail sau prin publicarea unei notific\u0103ri pe site.<\/p>\n<h2>9. Contact<\/h2>\n<p>Pentru orice \u00eentreb\u0103ri legate de aceast\u0103 Politic\u0103 de confiden\u021bialitate, ne pute\u021bi contacta:<\/p>\n<p><strong>E-mail:<\/strong> contact@hhcjuk.org<\/p>\n<p>V\u0103 mul\u021bumim c\u0103 a\u021bi folosit <strong>hhcjuk.org<\/strong>.<\/p>","protected":false},"excerpt":{"rendered":"<p>1. Introducere Bine a\u021bi venit pe hhcjuk.org. Aceast\u0103 Politic\u0103 de confiden\u021bialitate explic\u0103 modul \u00een care colect\u0103m, utiliz\u0103m \u0219i protej\u0103m informa\u021biile dumneavoastr\u0103 personale. 2. Colectarea informa\u021biilor \u2026 <\/p>","protected":false},"author":1,"featured_media":0,"parent":0,"menu_order":0,"comment_status":"closed","ping_status":"open","template":"","meta":{"_acf_changed":false,"footnotes":""},"class_list":["post-3","page","type-page","status-publish","hentry"],"acf":[],"yoast_head":"<!-- This site is optimized with the Yoast SEO plugin v23.2 - https:\/\/yoast.com\/wordpress\/plugins\/seo\/ -->\n<title>Confidentialit\u00e9 - hhcjuk.org<\/title>\n<meta name=\"robots\" content=\"index, follow, max-snippet:-1, max-image-preview:large, max-video-preview:-1\" \/>\n<link rel=\"canonical\" href=\"https:\/\/hhcjuk.org\/ro\/privacy-policy\/\" \/>\n<meta property=\"og:locale\" content=\"ro_RO\" \/>\n<meta property=\"og:type\" content=\"article\" \/>\n<meta property=\"og:title\" content=\"Confidentialit\u00e9 - hhcjuk.org\" \/>\n<meta property=\"og:description\" content=\"1. Introduction Bienvenue sur le site hhcjuk.org. Cette Politique de Confidentialit\u00e9 explique comment nous collectons, utilisons et prot\u00e9geons vos informations personnelles. 2. Collecte des informations &hellip;\" \/>\n<meta property=\"og:url\" content=\"https:\/\/hhcjuk.org\/ro\/privacy-policy\/\" \/>\n<meta property=\"og:site_name\" content=\"hhcjuk.org\" \/>\n<meta property=\"article:modified_time\" content=\"2025-02-03T10:13:57+00:00\" \/>\n<meta name=\"twitter:card\" content=\"summary_large_image\" \/>\n<meta name=\"twitter:label1\" content=\"Timp estimat pentru citire\" \/>\n\t<meta name=\"twitter:data1\" content=\"2 minute\" \/>\n<script type=\"application\/ld+json\" class=\"yoast-schema-graph\">{\"@context\":\"https:\/\/schema.org\",\"@graph\":[{\"@type\":\"WebPage\",\"@id\":\"https:\/\/hhcjuk.org\/privacy-policy\/\",\"url\":\"https:\/\/hhcjuk.org\/privacy-policy\/\",\"name\":\"Confidentialit\u00e9 - hhcjuk.org\",\"isPartOf\":{\"@id\":\"https:\/\/hhcjuk.org\/#website\"},\"datePublished\":\"2021-12-21T10:05:49+00:00\",\"dateModified\":\"2025-02-03T10:13:57+00:00\",\"breadcrumb\":{\"@id\":\"https:\/\/hhcjuk.org\/privacy-policy\/#breadcrumb\"},\"inLanguage\":\"ro-RO\",\"potentialAction\":[{\"@type\":\"ReadAction\",\"target\":[\"https:\/\/hhcjuk.org\/privacy-policy\/\"]}]},{\"@type\":\"BreadcrumbList\",\"@id\":\"https:\/\/hhcjuk.org\/privacy-policy\/#breadcrumb\",\"itemListElement\":[{\"@type\":\"ListItem\",\"position\":1,\"name\":\"Home\",\"item\":\"https:\/\/hhcjuk.org\/\"},{\"@type\":\"ListItem\",\"position\":2,\"name\":\"Confidentialit\u00e9\"}]},{\"@type\":\"WebSite\",\"@id\":\"https:\/\/hhcjuk.org\/#website\",\"url\":\"https:\/\/hhcjuk.org\/\",\"name\":\"hhcjuk.org\",\"description\":\"Tendances, Looks et Inspirations Mode\",\"potentialAction\":[{\"@type\":\"SearchAction\",\"target\":{\"@type\":\"EntryPoint\",\"urlTemplate\":\"https:\/\/hhcjuk.org\/?s={search_term_string}\"},\"query-input\":\"required name=search_term_string\"}],\"inLanguage\":\"ro-RO\"}]}<\/script>\n<!-- \/ Yoast SEO plugin. -->","yoast_head_json":{"title":"Confidentialit\u00e9 - hhcjuk.org","robots":{"index":"index","follow":"follow","max-snippet":"max-snippet:-1","max-image-preview":"max-image-preview:large","max-video-preview":"max-video-preview:-1"},"canonical":"https:\/\/hhcjuk.org\/ro\/privacy-policy\/","og_locale":"ro_RO","og_type":"article","og_title":"Confidentialit\u00e9 - hhcjuk.org","og_description":"1. Introduction Bienvenue sur le site hhcjuk.org. Cette Politique de Confidentialit\u00e9 explique comment nous collectons, utilisons et prot\u00e9geons vos informations personnelles. 2. Collecte des informations &hellip;","og_url":"https:\/\/hhcjuk.org\/ro\/privacy-policy\/","og_site_name":"hhcjuk.org","article_modified_time":"2025-02-03T10:13:57+00:00","twitter_card":"summary_large_image","twitter_misc":{"Timp estimat pentru citire":"2 minute"},"schema":{"@context":"https:\/\/schema.org","@graph":[{"@type":"WebPage","@id":"https:\/\/hhcjuk.org\/privacy-policy\/","url":"https:\/\/hhcjuk.org\/privacy-policy\/","name":"Confidentialit\u00e9 - hhcjuk.org","isPartOf":{"@id":"https:\/\/hhcjuk.org\/#website"},"datePublished":"2021-12-21T10:05:49+00:00","dateModified":"2025-02-03T10:13:57+00:00","breadcrumb":{"@id":"https:\/\/hhcjuk.org\/privacy-policy\/#breadcrumb"},"inLanguage":"ro-RO","potentialAction":[{"@type":"ReadAction","target":["https:\/\/hhcjuk.org\/privacy-policy\/"]}]},{"@type":"BreadcrumbList","@id":"https:\/\/hhcjuk.org\/privacy-policy\/#breadcrumb","itemListElement":[{"@type":"ListItem","position":1,"name":"Home","item":"https:\/\/hhcjuk.org\/"},{"@type":"ListItem","position":2,"name":"Confidentialit\u00e9"}]},{"@type":"WebSite","@id":"https:\/\/hhcjuk.org\/#website","url":"https:\/\/hhcjuk.org\/","name":"hhcjuk.org","description":"Tendances, Looks et Inspirations Mode","potentialAction":[{"@type":"SearchAction","target":{"@type":"EntryPoint","urlTemplate":"https:\/\/hhcjuk.org\/?s={search_term_string}"},"query-input":"required name=search_term_string"}],"inLanguage":"ro-RO"}]}},"yoast_meta":{"yoast_wpseo_title":"","yoast_wpseo_metadesc":"","yoast_wpseo_canonical":"https:\/\/hhcjuk.org\/ro\/wp-json\/wp\/v2\/pages\/3"},"_links":{"self":[{"href":"https:\/\/hhcjuk.org\/ro\/wp-json\/wp\/v2\/pages\/3","targetHints":{"allow":["GET"]}}],"collection":[{"href":"https:\/\/hhcjuk.org\/ro\/wp-json\/wp\/v2\/pages"}],"about":[{"href":"https:\/\/hhcjuk.org\/ro\/wp-json\/wp\/v2\/types\/page"}],"author":[{"embeddable":true,"href":"https:\/\/hhcjuk.org\/ro\/wp-json\/wp\/v2\/users\/1"}],"replies":[{"embeddable":true,"href":"https:\/\/hhcjuk.org\/ro\/wp-json\/wp\/v2\/comments?post=3"}],"version-history":[{"count":1,"href":"https:\/\/hhcjuk.org\/ro\/wp-json\/wp\/v2\/pages\/3\/revisions"}],"predecessor-version":[{"id":43,"href":"https:\/\/hhcjuk.org\/ro\/wp-json\/wp\/v2\/pages\/3\/revisions\/43"}],"wp:attachment":[{"href":"https:\/\/hhcjuk.org\/ro\/wp-json\/wp\/v2\/media?parent=3"}],"curies":[{"name":"wp","href":"https:\/\/api.w.org\/{rel}","templated":true}]}}